{"id":21845,"date":"2019-05-14T12:47:36","date_gmt":"2019-05-14T12:47:36","guid":{"rendered":"http:\/\/www.bimazincatura.it\/?page_id=21845"},"modified":"2022-08-02T07:20:07","modified_gmt":"2022-08-02T07:20:07","slug":"privacy-policy","status":"publish","type":"page","link":"https:\/\/www.bimazincatura.it\/de\/privacy-policy\/","title":{"rendered":"Privacy Policy"},"content":{"rendered":"<p>[vc_row][vc_column][vc_column_text]<\/p>\n<div class=\"page\" title=\"Page 1\">\n<div class=\"layoutArea\">\n<div class=\"column\">\n<p><strong>Privacy &amp; Cookie Policy<\/strong><\/p>\n<p>INFORMATIVA SUL TRATTAMENTO DEI DATI PERSONALI ex art. 13 e 14 del Regolamento UE 679\/2016 (General Data Protection Regulation)<\/p>\n<p>L\u2019informativa \u00e8 resa da Bima Srl ai sensi dell\u2019art. 13 Paragrafo 1 e dell\u2019Art. 14, Paragrafo 1 del Regolamento UE n. 679\/2016 (General Data Protection Regulation, di seguito \u201cRegolamento\u201d) per consultazione e la registrazione al sito <a href=\"http:\/\/www.bimazincatura.it\">www.bimazincatura.it<\/a> e per le attivit\u00e0 di trattamento previste per l\u2019offerta dei vari servizi di Bima Srl.<\/p>\n<p>Bima Srl garantisce il rispetto della normativa in materia di protezione dei dati ed informa che i dati personali conferiti dagli interessati per la registrazione e per le attivit\u00e0 previste, saranno trattati in modo lecito e secondo correttezza, nel rispetto dei principi sanciti dal Regolamento. Il Titolare del trattamento \u00e8 Bima Srl, Via Giordano di Capi,9 \u2013 40600 Mantova, Italia, e-mail <a href=\"mailto:info@bimazincatura.it\">info@bimazincatura.it<\/a><\/p>\n<p>All\u2019interno di Bima Srl i dati saranno trattati dal Responsabile del trattamento incaricato: <em><strong>Paolo Bisi<\/strong><\/em><\/p>\n<p><strong>Tipologia dei dati trattati<\/strong><\/p>\n<p>I dati trattati sono esclusivamente i dati anagrafici, i recapiti telefonici e telematici indispensabili per soddisfare le richieste di utenti\/visitatori. La raccolta ed il conseguente trattamento dei dati, viene effettuata dal Titolare presso la sede della societ\u00e0, nel rispetto delle misure di sicurezza e prescrizioni del Regolamento.<\/p>\n<p><strong>Dati di navigazione<\/strong><\/p>\n<p>I sistemi informatici e le procedure per il funzionamento del sito <a href=\"http:\/\/www.bimazincatura.it\">www.bimazincatura.it<\/a> acquisiscono automaticamente alcuni dati personali che vengono poi trasmessi implicitamente nell\u2019uso dei protocolli di comunicazione Internet. Si tratta di informazioni che per loro natura potrebbero permettere di identificare gli utenti\/visitatori (ad es. indirizzo IP, nomi di domini dei computer utilizzati dagli utenti\/visitatori che si collegano al sito, ecc.). Questi dati vengono utilizzati al solo fine di ricavare informazioni e per controllare il corretto funzionamento del sito. Possono essere usati per accertare delle responsabilit\u00e0 in caso di danneggiamento dei siti o di illeciti perpetrati tramite la rete.<\/p>\n<p><strong>Utilizzo cookie<\/strong><\/p>\n<p>I cookie sono file di testo che i siti internet inviano ai dispositivi di accesso a internet degli utenti\/visitatori (solitamente ai browser) dove sono memorizzati per essere ritrasmessi agli stessi siti alla successiva visita dei medesimi utenti. Vi possono essere:<\/p>\n<p>1) cookie tecnici: cookie di sessione (garantiscono la navigazione e la fruibilit\u00e0 dei siti), cookie di funzionalit\u00e0 (permettono agli utenti di selezionare determinati parametri nella navigazione ad es. scelta di un prodotto da acquistare o lingua utilizzata) e cookie analytics utilizzati dai gestori dei siti per raccogliere informazioni in forma aggregata sul numero degli utenti e su come visitano i siti;<\/p>\n<div class=\"page\" title=\"Page 2\">\n<div class=\"layoutArea\">\n<div class=\"column\">\n<p>2) cookie di profilazione utilizzati per inviare messaggi promozionali in relazione alle preferenze manifestate dagli utenti nella navigazione o alle specifiche sezioni visitate;<\/p>\n<p>3) cookie di terze parti: cookie non installati dai siti che gli utenti visitano ma da siti terzi che installano cookie mediante i primi siti. Bima Srl non \u00e8 responsabile dell\u2019utilizzo che i soggetti terzi fanno dei loro Cookies.<\/p>\n<p>Bima Srl informa i navigatori che il presente sito utilizza cookie tecnici di sessione che hanno lo scopo di garantire la navigazione del sito e memorizzano i dati inseriti nei form pubblicati.<\/p>\n<p>Bima Srl non utilizza cookie di profilazione<\/p>\n<p>I cookie di sessione non vengono memorizzati in modo persistente sui dispositivi dei navigatori e svaniscono con la chiusura dei browser. I visitatori possono sempre scegliere quali cookie autorizzare mediante le specifiche configurazioni dei propri browser trovando le opzioni generalmente nelle tabelle Opzioni\/Privacy. Nel caso i navigatori disattivino i cookie tecnici rischiano di non potere utilizzare alcune parti del sito.<\/p>\n<p>Mediante il presente sito vengono installati sui dispositivi dei navigatori cookie di Google Analytics che forniscono a Bima Srl dei rapporti in forma aggregata che riguardano la frequenza con cui gli utenti visitano le pagine del sito e per quanto tempo vi permangono. Bima Srl non \u00e8 responsabile del predetto trattamento di dati svolto da Google che comunque rispetta le disposizioni relative alla protezione dei dati con l\u2019introduzione GA4. (*)<\/p>\n<p>I navigatori:<br \/>\n1) possono consultare l\u2019informativa privacy della societ\u00e0 Google Inc., relativa al servizio Google Analytics, al<\/p>\n<p>link www.google.com\/analytics\/learn\/privacy.html (*)<\/p>\n<p>2) per rifiutare l\u2019utilizzo dei cookie di Google Analytics, come indicato sul sito di Google al linksupport.google.com\/analytics\/answer\/181881?hl=it, devono modificare la configurazione dei browser scaricando il componente aggiuntivo per la disattivazione del JavaScript di Google Analytics (ga.js, analytics.js, dc.js) al link tools.google.com\/dlpage\/gaoptout?hl=it<\/p>\n<p>La disabilitazione dei cookie di Google Analytics non impedisce di usufruire del presente sito, tuttavia, ostacola Bima Srl nell\u2019effettuare le predette statistiche.<\/p>\n<p><strong>Dati dell\u2019utente<\/strong><\/p>\n<p>L\u2019invio facoltativo, esplicito e volontario di posta elettronica agli indirizzi indicati su questo sito comporta la successiva acquisizione dell\u2019indirizzo del mittente, necessario per rispondere alle richieste, nonch\u00e9 degli eventuali altri dati personali inseriti nella missiva.<\/p>\n<p>Finalit\u00e0 del trattamento<\/p>\n<p>I Suoi Dati Personali sono trattati, senza Suo previo consenso, per le seguenti finalit\u00e0 e basi giuridiche:<\/p>\n<div class=\"page\" title=\"Page 3\">\n<div class=\"layoutArea\">\n<div class=\"column\">\n<p>l\u2019esecuzione del contratto e\/o l\u2019adempimento di impegni precontrattuali, in particolare per:<br \/>\n1. l\u2019esecuzione del contratto e la gestione dei rapporti precontrattuali e contrattuali<br \/>\n2. la valutazione e negoziazione di offerte e l\u2019instaurazione di relazioni contrattuali con il Titolare, ovvero l\u2019esecuzione delle rispettive obbligazioni contrattuali, l\u2019adempimento da parte del Titolare di obblighi di legge, quali<br \/>\n3. la tenuta della contabilit\u00e0 e degli adempimenti ad essa relativi;<br \/>\n4. la compilazione ed elaborazione delle dichiarazioni fiscali e degli adempimenti alle stesse connesse;<br \/>\n5. l\u2019ottemperanza agli obblighi previsti da leggi, regolamenti o dalla normativa comunitaria ovvero imposti dalle Autorit\u00e0. Il perseguimento di un legittimo interesse del Titolare, in particolare:<br \/>\n6. l\u2019esecuzione di finalit\u00e0 statistiche anonimizzate, e di controllo interno;<br \/>\n7. l\u2019esercizio dei diritti del Titolare in sede giudiziaria e la gestione degli eventuali contenziosi;<br \/>\n8. la prevenzione e repressione di atti illeciti.<\/p>\n<p>Il trattamento dei dati personali \u2013 ivi compresi eventuali dati sensibili (\u201ccategorie particolari di dati\u201d) e relativi a condanne penali o reati (\u201cgiudiziari\u201d) per i quali \u00e8 necessario un Suo consenso da esprimere in calce alla presente informativa \u2013 raccolti, avviene per le finalit\u00e0 di gestione sopra individuate.<\/p>\n<p>Il conferimento dei dati \u00e8 in alcuni casi obbligatorio, in altri facoltativo, comunque la mancata autorizzazione comporta l\u2019impossibilit\u00e0 di offrire il servizio richiesto.<\/p>\n<p><strong>Comunicazione e diffusione<\/strong><\/p>\n<p>Il trattamento dei dati personali sar\u00e0 effettuato a mezzo di soggetti espressamente e specificamente designati in qualit\u00e0 di incaricati appositamente istruiti; tali soggetti tratteranno i dati conformemente alle istruzioni ricevute dal Titolare del trattamento, secondo profili operativi agli stessi attribuiti in relazione alle funzioni svolte.<br \/>\nI dati potranno altres\u00ec essere trattati da soggetti terzi (outsourcer), di cui ci si avvale per l\u2019erogazione di servizi connessi alle finalit\u00e0 perseguite, che la nostra organizzazione valuta di volta in volta, per garantire una maggiore tutela, se nominare quali responsabili esterni dei trattamenti da questi posti in essere. In tutti i casi, tali soggetti tratteranno i dati conformemente alle istruzioni ricevute dal Titolare, secondo profili operativi agli stessi attribuiti in relazione alle funzioni svolte, limitatamente a quanto necessario e strumentale per l\u2019esecuzione di specifiche operazioni nell\u2019ambito dei servizi richiesti ed esclusivamente per il conseguimento delle finalit\u00e0 indicate nella presente informativa.<\/p>\n<p><strong>I dati non saranno soggetti a diffusione<\/strong><\/p>\n<p>I dati potranno essere comunicati a soggetti operanti nell\u2019ambito dell\u2019Unione Europea, o in paesi che garantiscano lo stesso livello di protezione previsto dal Regolamento. Poich\u00e9 Bima Srl pu\u00f2 decidere di operare anche a livello sovranazionale, il trattamento dei dati operato nei vari paesi sar\u00e0 adeguato alle norme pi\u00f9 restrittive, al fine di assicurare comunque il massimo livello di tutela dei dati dell\u2019interessato.<\/p>\n<p><strong>Durata del trattamento e della conservazione<\/strong><\/p>\n<p>I dati raccolti saranno conservati per un periodo di tempo non superiore a quello necessario agli scopi per i quali sono stati raccolti, per adempiere ad obblighi contrattuali o precontrattuali, di legge e\/o di regolamento (fatti salvi i termini prescrizionali e di legge, nel rispetto dei diritti e in ottemperanza degli obblighi conseguenti).<br \/>\nIn particolare, i criteri utilizzati per determinare il periodo di conservazione sono stabiliti da specifiche norme di legge che regolamentano l\u2019attivit\u00e0 del Titolare del trattamento (es. dalla normativa fiscale per quanto riguarda il trattamento dei dati amministrativo-contabili o da specifici provvedimenti del Garante per la protezione dei dati personali che hanno regolamentato l\u2019attivit\u00e0 di trattamento e le finalit\u00e0 perseguite dal Titolare; si precisa, infine, che i Suoi dati personali potranno essere conservati anche fino al tempo permesso dalla legge italiana.<\/p>\n<div class=\"page\" title=\"Page 4\">\n<div class=\"layoutArea\">\n<div class=\"column\">\n<p>Il trattamento sar\u00e0 effettuato anche oltre il termine del rapporto principale, nel rispetto delle disposizioni normative che regolano la conservazione di atti e documenti, e, ove autorizzato espressamente, per consentire l\u2019instaurazione di futuri rapporti e per garantire la storicizzazione dei dati, anche nell\u2019interesse del fornitore e comunque gli stessi saranno verificati ed eliminati periodicamente come gi\u00e0 specificato.<\/p>\n<p><strong>Modalit\u00e0 del trattamento<\/strong><\/p>\n<p>I dati saranno trattati \u2013 dagli incaricati al trattamento \u2013 con strumenti manuali, informatici e telematici nell\u2019ambito ed in ragione delle finalit\u00e0 sopra specificate e, comunque, sempre rispettando la sicurezza e la riservatezza degli stessi, anche in conformit\u00e0 alla legge e ai provvedimenti del Garante per la protezione dei dati personali.<\/p>\n<p><strong>Diritti degli interessati e tempo di conservazione dei dati<\/strong><\/p>\n<p>All\u2019interessato sono riconosciuti i diritti di:<\/p>\n<ul>\n<li>ottenere la cancellazione o la trasformazione in forma anonima o il blocco dei dati trattati in violazione della legge;<\/li>\n<li>ottenere l\u2019aggiornamento, la rettifica e l\u2019integrazione dei dati;<\/li>\n<li>ottenere l\u2019attestazione che tali operazioni sono state portate a conoscenza di coloro ai quali dati sono comunicati;\u2022 opporsi per motivi legittimi al trattamento dei dati o a qualsiasi processo decisionale automatizzato (compreso la profilazione);<\/li>\n<li>ottenere la limitazione del trattamento o la portabilit\u00e0 presso altro titolare.<br \/>\nA tal fine sar\u00e0 necessario inviare la richiesta, attraverso specifica comunicazione a mezzo posta elettronica indirizzata a info@bimazincatura.it (specificando nell\u2019oggetto \u201cPrivacy\u201d) o mediante raccomandata A\/R alla sede legale.<br \/>\nSi ricorda inoltre che il soggetto interessato ha sempre il diritto di proporre un reclamo all&#8217;Autorit\u00e0 Garante per la protezione dei dati personali per l\u2019esercizio dei suoi diritti o per qualsiasi altra questione relativa al trattamento dei suoi dati personali.<br \/>\nL\u2019interessato ha sempre il diritto di revocare il consenso al trattamento prestato per le finalit\u00e0 sopra indicate, senza pregiudicare la liceit\u00e0 del trattamento basata sul consenso prestato prima della revoca.<\/li>\n<\/ul>\n<p><strong>Modifiche alla privacy policy<\/strong><\/p>\n<p>La presente privacy policy pu\u00f2 subire modifiche nel tempo anche connesse all\u2019eventuale entrata in vigore di nuove normative di settore, all\u2019 aggiornamento o erogazione di nuovi servizi ovvero ad intervenute innovazioni tecnologiche per cui l\u2019utente\/visitatore \u00e8 invitato a consultare periodicamente questa pagina.<\/p>\n<p>Mantova 01\/07\/2022<\/p>\n<p>(*) &#8230;.\u201cGoogle ha annunciato numerosi miglioramenti della protezione dei dati per il nuovo Google Analytics 4 (GA4) che sono descritti da Google alla voce \u201c Dati e privacy incentrati sull&#8217;UE \u201d. GA 4 permetter\u00e0 dei controlli<\/p>\n<p>a livello nazionale e delle opzioni di personalizzazione che consentiranno di minimizzare la raccolta dati di uno specifico visitatore. In sintesi, sono state annunciate le seguenti modifiche relative alla privacy per rendere lo strumento compliant al GDPR:<\/p>\n<ul>\n<li>GA4 elaborer\u00e0 tutti i dati dai dispositivi finali all&#8217;interno dell&#8217;UE su server nell&#8217;UE.<\/li>\n<\/ul>\n<div class=\"page\" title=\"Page 5\">\n<div class=\"layoutArea\">\n<div class=\"column\">\n<ul>\n<li>GA4 elabora gli indirizzi IP per la geolocalizzazione, ma non memorizza pi\u00f9 gli indirizzi IP, li utilizza in maniera volatile ma non li registra nel loro sistema.<\/li>\n<li>GA4 consente la disattivazione di Google Signals per impedire il collegamento con gli account Google.<\/li>\n<li>GA4 consente di configurare la granularit\u00e0 dei dati geografici e del dispositivo raccolti (es. risoluzione\u00a0dello schermo che richiede il consenso).\u201dMantova 01\/07\/2022<\/li>\n<\/ul>\n<\/div>\n<\/div>\n<\/div>\n<\/div>\n<\/div>\n<\/div>\n<\/div>\n<\/div>\n<\/div>\n<\/div>\n<\/div>\n<\/div>\n<\/div>\n<\/div>\n<\/div>\n<p>[\/vc_column_text][\/vc_column][\/vc_row]<\/p>","protected":false},"excerpt":{"rendered":"<p>[vc_row][vc_column][vc_column_text] Privacy &amp; Cookie Policy INFORMATIVA SUL TRATTAMENTO DEI DATI PERSONALI ex art. 13 e 14 del Regolamento UE 679\/2016&#8230;<\/p>\n","protected":false},"author":1,"featured_media":0,"parent":0,"menu_order":0,"comment_status":"closed","ping_status":"closed","template":"","meta":{"_monsterinsights_skip_tracking":false,"_monsterinsights_sitenote_active":false,"_monsterinsights_sitenote_note":"","_monsterinsights_sitenote_category":0,"footnotes":""},"class_list":["post-21845","page","type-page","status-publish","hentry"],"_links":{"self":[{"href":"https:\/\/www.bimazincatura.it\/de\/wp-json\/wp\/v2\/pages\/21845","targetHints":{"allow":["GET"]}}],"collection":[{"href":"https:\/\/www.bimazincatura.it\/de\/wp-json\/wp\/v2\/pages"}],"about":[{"href":"https:\/\/www.bimazincatura.it\/de\/wp-json\/wp\/v2\/types\/page"}],"author":[{"embeddable":true,"href":"https:\/\/www.bimazincatura.it\/de\/wp-json\/wp\/v2\/users\/1"}],"replies":[{"embeddable":true,"href":"https:\/\/www.bimazincatura.it\/de\/wp-json\/wp\/v2\/comments?post=21845"}],"version-history":[{"count":2,"href":"https:\/\/www.bimazincatura.it\/de\/wp-json\/wp\/v2\/pages\/21845\/revisions"}],"predecessor-version":[{"id":21878,"href":"https:\/\/www.bimazincatura.it\/de\/wp-json\/wp\/v2\/pages\/21845\/revisions\/21878"}],"wp:attachment":[{"href":"https:\/\/www.bimazincatura.it\/de\/wp-json\/wp\/v2\/media?parent=21845"}],"curies":[{"name":"wp","href":"https:\/\/api.w.org\/{rel}","templated":true}]}}