{"id":21542,"date":"2018-06-22T14:01:06","date_gmt":"2018-06-22T14:01:06","guid":{"rendered":"http:\/\/www.bimazincatura.it\/?page_id=21542"},"modified":"2018-08-29T13:40:44","modified_gmt":"2018-08-29T13:40:44","slug":"la-storia","status":"publish","type":"page","link":"https:\/\/www.bimazincatura.it\/de\/la-storia\/","title":{"rendered":"La storia"},"content":{"rendered":"<p>[vc_row disable_element=&#8220;yes&#8220;][vc_column]<div class=\"clearboth\"><\/div><div class=\"gem-divider \" style=\"margin-top: 30px;\"><\/div>[vc_column_text]<\/p>\n<h3 class=\"title-xlarge\" style=\"text-align: center;\"><span class=\"light\" style=\"color: #000000;\">LA STORIA<\/span><\/h3>\n<p>[\/vc_column_text][\/vc_column][\/vc_row][vc_row][vc_column]<div class=\"clearboth\"><\/div><div class=\"gem-divider \" style=\"margin-top: 30px;\"><\/div>[\/vc_column][\/vc_row][vc_row full_width=&#8220;stretch_row_content&#8220;][vc_column width=&#8220;1\/3&#8243; css=&#8220;.vc_custom_1530088842657{margin-top: -5px !important;padding-top: -5px !important;}&#8220;][vc_column_text]<\/p>\n<p class=\"p1\"><span class=\"s1\">1955 \u2013 Bisi Nello fonda l\u2019omonima azienda che si occupa di torneria meccanica e agricola.<\/span><\/p>\n<p class=\"p1\"><span class=\"s1\">1967 \u2013 La ditta \u201cBisi Nello\u201d si fonde con la ditta \u201cManfrin Ultimo\u201d che si occupa di zincatura elettrolitica. <\/span><\/p>\n<p class=\"p2\"><span class=\"s1\">Dalle iniziali dei cognomi nasce la <b>BI.MA.<\/b><\/span><\/p>\n<p class=\"p1\"><span class=\"s1\">1972 \u2013 Manfrin Ultimo lascia la societ\u00e0, la doppia attivit\u00e0 continua ad essere gestita da Bisi Nello<\/span><\/p>\n<p class=\"p1\"><span class=\"s1\">1987 \u2013 Paolo, figlio di Nello, entra in societ\u00e0. Si continua ad investire nella zincatura elettrolitica<\/span><\/p>\n<p class=\"p1\"><span class=\"s1\">1991 \u2013 Viene costruito il capannone, tutt\u2019ora sede della societ\u00e0, ed avviato il nuovo impianto di zincatura elettrolitica<\/span><\/p>\n<p class=\"p1\"><span class=\"s1\">1995 \u2013 Viene abbandonata l\u2019attivit\u00e0 di produzione serre.<\/span><\/p>\n<p class=\"p1\"><span class=\"s1\">2002 \u2013 La societ\u00e0 si trasforma in Sas<\/span><\/p>\n<p class=\"p1\"><span class=\"s1\">2006 &#8211; Bima ottiene l\u2019autorizzazione integrata ambientale<\/span><\/p>\n<p class=\"p1\"><span class=\"s1\">2010 &#8211; Viene rinnovato l\u2019impianto di depurazione <\/span><\/p>\n<p class=\"p1\"><span class=\"s1\">2017 &#8211; La societ\u00e0 si trasforma in Srl<\/span><\/p>\n<p class=\"p3\"><span class=\"s1\">L\u2019obiettivo per il futuro sar\u00e0 mantenere l\u2019impegno e la seriet\u00e0, costantemente rivolti al miglioramento<\/span><\/p>\n<p>[\/vc_column_text][\/vc_column][vc_column width=&#8220;2\/3&#8243;][vc_single_image image=&#8220;21750&#8243; img_size=&#8220;full&#8220; alignment=&#8220;center&#8220;][\/vc_column][\/vc_row][vc_row full_width=&#8220;stretch_row_content&#8220; disable_element=&#8220;yes&#8220;][vc_column][vc_column_text]<span class=\"s1\">Negli ultimi anni si \u00e8 costantemente investito per migliorare l\u2019impatto ambientale dell\u2019attivit\u00e0 con la sostituzione integrale dell\u2019impianto di depurazione.<\/span>[\/vc_column_text][\/vc_column][\/vc_row][vc_row disable_element=&#8220;yes&#8220;][vc_column][vc_column_text]<\/p>\n<p class=\"p1\" style=\"text-align: justify;\"><span class=\"s1\">La societ\u00e0 nasce dal conferimento dell&#8217;azienda di cui era titolare il Signor <b><i>Nello Bisi,\u00a0<\/i><\/b>che sin dal lontano 1955 conduceva l&#8217;omonima ditta &#8222;BISI NELLO&#8220; specializzata in lavori di torneria meccanica e agricola, e in particolare nella produzione di serre.<\/span><\/p>\n<p class=\"p1\" style=\"text-align: justify;\"><span class=\"s1\">Nel 1967 il Signor Bisi decide di fondere la propria attivit\u00e0 con quella svolta dalla ditta <i>Manfrin Ultimo<\/i>, che gi\u00e0 da anni si occupava di zincatura elettrolitica, dando cos\u00ec vita alla societ\u00e0 di fatto <b>BIMA<\/b> di <b>Bi<\/b>si Nello e <b>Ma<\/b>nfrin Ultimo.<\/span><\/p>\n<p class=\"p1\" style=\"text-align: justify;\"><span class=\"s1\"> Nel 1972 il socio Ultimo Manfrin fuoriesce dalla societ\u00e0; la doppia attivit\u00e0 di costruzione serre e di zincatura elettrolitica viene quindi proseguita dalla ditta individuale BIMA di Bisi Nello.<\/span><\/p>\n<p class=\"p1\" style=\"text-align: justify;\"><span class=\"s1\">Nel 1987, con l&#8217;ingresso in azienda del coniuge e del figlio Paolo, viene costituita la BIMA S.n.c. di Bisi Nello &amp; C.\u00a0La societ\u00e0 quindi non ha fatto altro che proseguire nell&#8217;attivit\u00e0, gi\u00e0 ventennale, della conferente investendo in particolare nell&#8217;attivit\u00e0 di zincatura elettrolitica, rivelatasi pi\u00f9 remunerativa della produzione di serre.<\/span><\/p>\n<p>[\/vc_column_text][vc_column_text]<\/p>\n<p class=\"p1\" style=\"text-align: justify;\"><span class=\"s1\">In quest&#8217;ottica nel 1989 viene acquistato un terreno di circa 8.000 mq in Via G. di Capi a Mantova, attuale sede sociale, sul quale viene costruito un capannone prefabbricato dove viene attivato l&#8217;impianto di zincatura tutt&#8217;ora in funzione.<\/span><\/p>\n<p class=\"p1\" style=\"text-align: justify;\"><span class=\"s1\">Nel 1995 viene abbandonata la produzione di serre ormai non pi\u00f9 remunerativa.\u00a0<\/span><span class=\"s1\">E&#8216; solo all&#8217;inizio degli anni duemila che la societ\u00e0 migliora notevolmente.<br \/>\n<\/span>Nel 2002 il fondatore Nello Bisi e sua moglie donano al figlio Paolo l&#8217;intera quota societaria.<\/p>\n<p class=\"p1\" style=\"text-align: justify;\"><span class=\"s1\">Negli anni seguenti l&#8217;attivit\u00e0 ha costantemente aumentato il proprio giro d&#8217;affari incrementando il numero di addetti alle proprie dipendenze e le tecnologie utilizzate.<\/span><\/p>\n<p class=\"p2\" style=\"text-align: justify;\"><span class=\"s1\">Negli ultimi anni si \u00e8 costantemente investito per migliorare l\u2019impatto ambientale dell\u2019attivit\u00e0 con la sostituzione integrale dell\u2019impianto di depurazione.<\/span><\/p>\n<p>[\/vc_column_text][\/vc_column][\/vc_row][vc_row][vc_column]<div class=\"clearboth\"><\/div><div class=\"gem-divider \" style=\"margin-top: 30px;\"><\/div>[\/vc_column][\/vc_row]<\/p>\n","protected":false},"excerpt":{"rendered":"<p>[vc_row disable_element=&#8220;yes&#8220;][vc_column][vc_column_text] LA STORIA [\/vc_column_text][\/vc_column][\/vc_row][vc_row][vc_column][\/vc_column][\/vc_row][vc_row full_width=&#8220;stretch_row_content&#8220;][vc_column width=&#8220;1\/3&#8243; css=&#8220;.vc_custom_1530088842657{margin-top: -5px !important;padding-top: -5px !important;}&#8220;][vc_column_text] 1955 \u2013 Bisi Nello fonda l\u2019omonima azienda che&#8230;<\/p>\n","protected":false},"author":1,"featured_media":0,"parent":0,"menu_order":0,"comment_status":"closed","ping_status":"closed","template":"","meta":{"_monsterinsights_skip_tracking":false,"_monsterinsights_sitenote_active":false,"_monsterinsights_sitenote_note":"","_monsterinsights_sitenote_category":0,"footnotes":""},"class_list":["post-21542","page","type-page","status-publish","hentry"],"_links":{"self":[{"href":"https:\/\/www.bimazincatura.it\/de\/wp-json\/wp\/v2\/pages\/21542","targetHints":{"allow":["GET"]}}],"collection":[{"href":"https:\/\/www.bimazincatura.it\/de\/wp-json\/wp\/v2\/pages"}],"about":[{"href":"https:\/\/www.bimazincatura.it\/de\/wp-json\/wp\/v2\/types\/page"}],"author":[{"embeddable":true,"href":"https:\/\/www.bimazincatura.it\/de\/wp-json\/wp\/v2\/users\/1"}],"replies":[{"embeddable":true,"href":"https:\/\/www.bimazincatura.it\/de\/wp-json\/wp\/v2\/comments?post=21542"}],"version-history":[{"count":0,"href":"https:\/\/www.bimazincatura.it\/de\/wp-json\/wp\/v2\/pages\/21542\/revisions"}],"wp:attachment":[{"href":"https:\/\/www.bimazincatura.it\/de\/wp-json\/wp\/v2\/media?parent=21542"}],"curies":[{"name":"wp","href":"https:\/\/api.w.org\/{rel}","templated":true}]}}