{"id":21407,"date":"2018-05-15T08:32:49","date_gmt":"2018-05-15T08:32:49","guid":{"rendered":"http:\/\/www.bimazincatura.it\/?page_id=21407"},"modified":"2023-07-27T14:00:14","modified_gmt":"2023-07-27T14:00:14","slug":"homepage","status":"publish","type":"page","link":"https:\/\/www.bimazincatura.it\/de\/","title":{"rendered":"Homepage"},"content":{"rendered":"<p>[vc_row disable_element=&#8220;yes&#8220;][vc_column]<div class=\"clearboth\"><\/div><div class=\"gem-divider \" style=\"margin-top: 100px;\"><\/div>[\/vc_column][\/vc_row][vc_row full_width=&#8220;stretch_row_content&#8220; equal_height=&#8220;yes&#8220; content_placement=&#8220;middle&#8220;][vc_column]<div class=\"clearboth\"><\/div><div class=\"gem-divider \" style=\"margin-top: 30px;\"><\/div>[vc_column_text]<\/p>\n<div class=\"title-h1\" style=\"text-align: center;\"><span style=\"color: #0066b2;\">ZINCATURA ELETTROLITICA<\/span><\/div>\n<p>[\/vc_column_text]<div class=\"clearboth\"><\/div><div class=\"gem-divider \" style=\"margin-top: 30px;\"><\/div>[vc_single_image image=&#8220;21721&#8243; img_size=&#8220;full&#8220; alignment=&#8220;center&#8220;][\/vc_column][\/vc_row][vc_row full_width=&#8220;stretch_row&#8220; equal_height=&#8220;yes&#8220; content_placement=&#8220;middle&#8220; css=&#8220;.vc_custom_1532432663518{margin-top: -35px !important;margin-left: 140px !important;padding-top: -35px !important;padding-left: 140px !important;background-color: rgba(234,234,234,0.6) !important;*background-color: rgb(234,234,234) !important;}&#8220; el_class=&#8220;no-padding-left-mobile no-margin-mobile&#8220;][vc_column width=&#8220;1\/3&#8243; css=&#8220;.vc_custom_1532425623843{margin-top: -90px !important;padding-top: -90px !important;}&#8220; el_class=&#8220;no-padding-mobile no-margin-mobile&#8220;]<div class=\"clearboth\"><\/div><div class=\"gem-divider \" style=\"margin-top: 40px;\"><\/div>[vc_column_text css=&#8220;.vc_custom_1532432677335{margin-left: -50px !important;padding-left: -50px !important;}&#8220; el_class=&#8220;no-padding-left-mobile no-margin-left-mobile&#8220;]<\/p>\n<div class=\"title-h2\">zincatura elettrolitica<span class=\"light\">\u00a0<\/span><\/div>\n<p>[\/vc_column_text][\/vc_column][vc_column width=&#8220;2\/3&#8243; el_class=&#8220;no-top-mobile&#8220;]<div class=\"clearboth\"><\/div><div class=\"gem-divider hide-mobile\" style=\"margin-top: 40px;\"><\/div>[vc_column_text]<\/p>\n<div class=\"styled-subtitle\" style=\"text-align: justify;\">\n<p class=\"p1\"><span class=\"s1\">Bima srl opera da oltre 40 anni nel settore galvanico ed \u00e8 specializzata nel trattamento di zincatura elettrolitica eseguito con un impianto statico a telaio\u00a0di grandi dimensioni.<\/span><span class=\"s2\"><br \/>\n<\/span><span class=\"s1\">Nel corso degli anni grazie al\u00a0continuo aggiornamento delle tecnologie disponibili, l\u2019azienda \u00e8 in grado di garantire un\u00a0SERVIZIO RAPIDO ED EFFICACE<\/span><\/p>\n<\/div>\n<p>[\/vc_column_text]<div class=\"clearboth\"><\/div><div class=\"gem-divider \" style=\"margin-top: 60px;\"><\/div>[\/vc_column][\/vc_row][vc_row full_width=&#8220;stretch_row_content_no_spaces&#8220; equal_height=&#8220;yes&#8220; content_placement=&#8220;middle&#8220; css=&#8220;.vc_custom_1530621813359{margin-top: -18px !important;margin-right: -80px !important;padding-top: -18px !important;padding-right: -80px !important;}&#8220;][vc_column css=&#8220;.vc_custom_1526486011676{margin-bottom: -70px !important;}&#8220;][vc_row_inner equal_height=&#8220;yes&#8220; content_placement=&#8220;top&#8220;][vc_column_inner el_class=&#8220;z-index&#8220; width=&#8220;1\/2&#8243; css=&#8220;.vc_custom_1532433765923{padding-right: 50px !important;}&#8220; offset=&#8220;vc_col-lg-6 vc_hidden-md vc_hidden-sm vc_hidden-xs&#8220;]<div class=\"clearboth\"><\/div><div class=\"gem-divider hide-mobile\" style=\"margin-top: 100px;\"><\/div>[vc_column_text el_class=&#8220;no-margin&#8220; css=&#8220;.vc_custom_1531487384790{margin-right: -30px !important;padding-right: -30px !important;}&#8220;]<\/p>\n<div class=\"title-h1\" style=\"text-align: right;\">\n<p style=\"text-align: center;\"><span style=\"color: #0066b2;\">Qualit\u00e0<\/span><\/p>\n<\/div>\n<p>[\/vc_column_text]<div class=\"clearboth\"><\/div><div class=\"gem-divider \" style=\"margin-top: 40px;\"><\/div>[vc_column_text css=&#8220;.vc_custom_1531487400020{margin-top: -50px !important;margin-right: -30px !important;padding-top: -50px !important;padding-right: -30px !important;}&#8220; el_class=&#8220;no-margin&#8220;]<\/p>\n<div class=\"title-h2\" style=\"text-align: center;\">dei servizi<\/div>\n<p>[\/vc_column_text]<div class=\"clearboth\"><\/div><div class=\"gem-divider hide-mobile\" style=\"margin-top: 40px;\"><\/div>[\/vc_column_inner][vc_column_inner width=&#8220;1\/2&#8243; offset=&#8220;vc_hidden-lg&#8220;][vc_column_text el_class=&#8220;no-margin&#8220;]<\/p>\n<div class=\"title-h1\" style=\"text-align: right;\">\n<p style=\"text-align: center;\"><span style=\"color: #0066b2;\">Qualit\u00e0<\/span><\/p>\n<\/div>\n<p>[\/vc_column_text][vc_column_text el_class=&#8220;no-margin&#8220;]<\/p>\n<div class=\"title-h2\" style=\"text-align: center;\">dei servizi<\/div>\n<p>[\/vc_column_text][\/vc_column_inner][vc_column_inner el_class=&#8220;custom-bg-position&#8220; width=&#8220;1\/2&#8243; offset=&#8220;vc_col-lg-6&#8243;][vc_single_image image=&#8220;21818&#8243; img_size=&#8220;full&#8220; alignment=&#8220;center&#8220; css=&#8220;.vc_custom_1533741238971{background-position: center !important;background-repeat: no-repeat !important;background-size: contain !important;}&#8220;][\/vc_column_inner][\/vc_row_inner][\/vc_column][\/vc_row][vc_row full_width=&#8220;stretch_row_content_no_spaces&#8220; equal_height=&#8220;yes&#8220; content_placement=&#8220;middle&#8220; css=&#8220;.vc_custom_1532433223952{margin-top: -18px !important;margin-right: -80px !important;padding-top: -18px !important;padding-right: -80px !important;}&#8220; el_class=&#8220;hide-mobile&#8220;][vc_column css=&#8220;.vc_custom_1526486011676{margin-bottom: -70px !important;}&#8220;][vc_row_inner equal_height=&#8220;yes&#8220; content_placement=&#8220;top&#8220;][vc_column_inner el_class=&#8220;custom-bg-position&#8220; width=&#8220;1\/2&#8243; offset=&#8220;vc_col-lg-6&#8243;][vc_single_image image=&#8220;21856&#8243; img_size=&#8220;full&#8220; alignment=&#8220;center&#8220; css=&#8220;.vc_custom_1603895030038{background-position: center !important;background-repeat: no-repeat !important;background-size: contain !important;}&#8220;][\/vc_column_inner][vc_column_inner el_class=&#8220;z-index&#8220; width=&#8220;1\/2&#8243; css=&#8220;.vc_custom_1530700576775{padding-left: 50px !important;}&#8220; offset=&#8220;vc_col-lg-6&#8243;]<div class=\"clearboth\"><\/div><div class=\"gem-divider \" style=\"margin-top: 120px;\"><\/div>[vc_column_text el_class=&#8220;no-margin&#8220; css=&#8220;.vc_custom_1531487460850{margin-left: -20px !important;padding-left: -20px !important;}&#8220;]<\/p>\n<div class=\"title-h1\" style=\"text-align: right;\">\n<p style=\"text-align: center;\"><span style=\"color: #0066b2;\">Personale\u00a0<\/span><\/p>\n<\/div>\n<p>[\/vc_column_text][vc_column_text el_class=&#8220;no-margin&#8220; css=&#8220;.vc_custom_1530700453009{margin-top: -30px !important;padding-top: -30px !important;}&#8220;]<\/p>\n<div class=\"title-h2\" style=\"text-align: left;\">altamente qualificato<\/div>\n<p>[\/vc_column_text]<div class=\"clearboth\"><\/div><div class=\"gem-divider \" style=\"margin-top: 50px;\"><\/div>[\/vc_column_inner][\/vc_row_inner][\/vc_column][\/vc_row][vc_row full_width=&#8220;stretch_row_content_no_spaces&#8220; equal_height=&#8220;yes&#8220; content_placement=&#8220;middle&#8220; css=&#8220;.vc_custom_1532433231900{margin-top: -18px !important;margin-right: -80px !important;padding-top: -18px !important;padding-right: -80px !important;}&#8220; el_class=&#8220;hide-desktop&#8220;][vc_column css=&#8220;.vc_custom_1526486011676{margin-bottom: -70px !important;}&#8220;][vc_row_inner equal_height=&#8220;yes&#8220; content_placement=&#8220;top&#8220;][vc_column_inner el_class=&#8220;custom-bg-position&#8220; width=&#8220;1\/2&#8243; offset=&#8220;vc_col-lg-6&#8243;][vc_column_text el_class=&#8220;no-margin&#8220;]<\/p>\n<div class=\"title-h1\" style=\"text-align: right;\">\n<p style=\"text-align: center;\"><span style=\"color: #0066b2;\">Personale\u00a0<\/span><\/p>\n<\/div>\n<p>[\/vc_column_text][vc_column_text el_class=&#8220;no-margin&#8220;]<\/p>\n<div class=\"title-h2\" style=\"text-align: center;\">altamente qualificato<\/div>\n<p>[\/vc_column_text][\/vc_column_inner][vc_column_inner el_class=&#8220;z-index&#8220; width=&#8220;1\/2&#8243; offset=&#8220;vc_col-lg-6&#8243;][vc_single_image image=&#8220;21856&#8243; img_size=&#8220;full&#8220; alignment=&#8220;center&#8220; css=&#8220;.vc_custom_1603895022591{background-position: center !important;background-repeat: no-repeat !important;background-size: contain !important;}&#8220;][\/vc_column_inner][\/vc_row_inner][\/vc_column][\/vc_row][vc_row full_width=&#8220;stretch_row_content_no_spaces&#8220; equal_height=&#8220;yes&#8220; content_placement=&#8220;middle&#8220; css=&#8220;.vc_custom_1530621824083{margin-top: -18px !important;margin-right: -80px !important;padding-top: -18px !important;padding-right: -80px !important;}&#8220;][vc_column css=&#8220;.vc_custom_1526486011676{margin-bottom: -70px !important;}&#8220;][vc_row_inner equal_height=&#8220;yes&#8220; content_placement=&#8220;top&#8220;][vc_column_inner el_class=&#8220;z-index&#8220; width=&#8220;1\/2&#8243; css=&#8220;.vc_custom_1532433888727{padding-right: 50px !important;}&#8220; offset=&#8220;vc_col-lg-6 vc_hidden-md vc_hidden-sm vc_hidden-xs&#8220;]<div class=\"clearboth\"><\/div><div class=\"gem-divider \" style=\"margin-top: 130px;\"><\/div>[vc_column_text el_class=&#8220;no-margin&#8220; css=&#8220;.vc_custom_1531487506156{margin-right: -30px !important;padding-right: -30px !important;}&#8220;]<\/p>\n<div class=\"title-h1\" style=\"text-align: right;\">\n<p style=\"text-align: center;\"><span style=\"color: #0066b2;\">Puntualit\u00e0<\/span><\/p>\n<\/div>\n<p>[\/vc_column_text][vc_column_text el_class=&#8220;no-margin&#8220; css=&#8220;.vc_custom_1531487514481{margin-top: -30px !important;margin-right: -30px !important;padding-top: -30px !important;padding-right: -30px !important;}&#8220;]<\/p>\n<div class=\"title-h2\" style=\"text-align: center;\">nelle consegne<\/div>\n<p>[\/vc_column_text]<div class=\"clearboth\"><\/div><div class=\"gem-divider \" style=\"margin-top: 50px;\"><\/div>[\/vc_column_inner][vc_column_inner width=&#8220;1\/2&#8243; offset=&#8220;vc_hidden-lg&#8220;][vc_column_text el_class=&#8220;no-margin&#8220;]<\/p>\n<div class=\"title-h1\" style=\"text-align: right;\">\n<p style=\"text-align: center;\"><span style=\"color: #0066b2;\">Puntualit\u00e0<\/span><\/p>\n<\/div>\n<p>[\/vc_column_text][vc_column_text el_class=&#8220;no-margin&#8220;]<\/p>\n<div class=\"title-h2\" style=\"text-align: center;\">nelle consegne<\/div>\n<p>[\/vc_column_text][\/vc_column_inner][vc_column_inner el_class=&#8220;custom-bg-position&#8220; width=&#8220;1\/2&#8243; offset=&#8220;vc_col-lg-6&#8243;][vc_single_image image=&#8220;21820&#8243; img_size=&#8220;full&#8220; alignment=&#8220;center&#8220; css=&#8220;.vc_custom_1533741310669{background-position: center !important;background-repeat: no-repeat !important;background-size: contain !important;}&#8220;][\/vc_column_inner][\/vc_row_inner][\/vc_column][\/vc_row][vc_row full_width=&#8220;stretch_row&#8220; equal_height=&#8220;yes&#8220; content_placement=&#8220;middle&#8220; css=&#8220;.vc_custom_1530697765750{margin-top: -20px !important;padding-top: -20px !important;background-image: url(http:\/\/www.bimazincatura.it\/wp-content\/uploads\/2018\/07\/Webp.net-compress-image.jpg?id=21689) !important;}&#8220;][vc_column css=&#8220;.vc_custom_1530697818327{margin-right: -50px !important;margin-left: -50px !important;padding-right: -50px !important;padding-left: -50px !important;background-color: rgba(255,255,255,0.85) !important;*background-color: rgb(255,255,255) !important;}&#8220;]<div class=\"clearboth\"><\/div><div class=\"gem-divider \" style=\"margin-top: 70px;\"><\/div>[vc_column_text css=&#8220;.vc_custom_1532951994459{margin-left: 40px !important;padding-left: 40px !important;}&#8220;]<\/p>\n<div class=\"title-h1\">BIMA ZINCATURA<\/div>\n<p>[\/vc_column_text][vc_row_inner equal_height=&#8220;yes&#8220; content_placement=&#8220;middle&#8220; gap=&#8220;20&#8243;][vc_column_inner width=&#8220;3\/4&#8243;][vc_column_text css=&#8220;.vc_custom_1533740391911{padding-right: 35px !important;padding-left: 35px !important;}&#8220;]<\/p>\n<p style=\"text-align: justify;\"><strong>Perch\u00e8 scegliere BIMA Zincatura?<\/strong><br \/>\n<span class=\"s1\">Nel settore dei trattamenti galvanici, BIMA rappresenta da oltre 40 anni una realt\u00e0 al passo coi tempi, in grado di rapportarsi alla clientela con professionalit\u00e0, disponibilit\u00e0 e seriet\u00e0. I punti di forza che fanno di BIMA zincatura un partner insostituibile sono innanzitutto un impianto di zincatura elettrolitica di grandi dimensioni in grado di adattarsi rapidamente alle molteplici richieste dei nostri clienti ed un team di tecnici specializzati e competenti. Il cliente che si rivolge a BIMA per la zincatura riceve consulenza e collaborazione al fine di ottenere una lavorazione qualitativamente ottimale. Soluzioni tecniche personalizzate, moderna tecnologia, rispetto per l\u2019ambiente e flessibilit\u00e0 sono oggi le caratteristiche principali per cui scegliere BIMA zincatura e che la rendono un\u2019azienda leader del settore.<\/span><\/p>\n<p>[\/vc_column_text][\/vc_column_inner][vc_column_inner width=&#8220;1\/4&#8243; css=&#8220;.vc_custom_1530637118634{margin-left: 15px !important;padding-left: 15px !important;}&#8220;][\/vc_column_inner][\/vc_row_inner][vc_row_inner][vc_column_inner width=&#8220;1\/3&#8243;]<div class=\"gem-button-container gem-button-position-center\"><a class=\"gem-button gem-button-size-medium gem-button-style-outline gem-button-text-weight-thin gem-button-border-2 gem-button-icon-position-left\" style=\"border-radius: 3px;border-color: #0066b2;color: #0066b2;\" onmouseleave=\"this.style.borderColor='#0066b2';this.style.backgroundColor='transparent';this.style.color='#0066b2';\" onmouseenter=\"this.style.borderColor='#0066b2';this.style.backgroundColor='#0066b2';this.style.color='#ffffff';\" href=\"http:\/\/www.bimazincatura.it\/contattaci\/\" target=\"_self\"><i class=\"gem-print-icon gem-icon-pack-material\">&#xf477;<\/i>CONTATTACI<\/a><\/div> [\/vc_column_inner][vc_column_inner width=&#8220;1\/3&#8243;]<div class=\"gem-button-container gem-button-position-center\"><a class=\"gem-button gem-button-size-medium gem-button-style-outline gem-button-text-weight-thin gem-button-border-2 gem-button-icon-position-left\" style=\"border-radius: 3px;border-color: #0066b2;color: #0066b2;\" onmouseleave=\"this.style.borderColor='#0066b2';this.style.backgroundColor='transparent';this.style.color='#0066b2';\" onmouseenter=\"this.style.borderColor='#0066b2';this.style.backgroundColor='#0066b2';this.style.color='#ffffff';\" href=\"http:\/\/www.bimazincatura.it\/lavora-con-noi\/\" target=\"_self\"><i class=\"gem-print-icon gem-icon-pack-material\">&#xf563;<\/i>INVIA LA TUA CANDIDATURA<\/a><\/div> [\/vc_column_inner][vc_column_inner width=&#8220;1\/3&#8243;]<div class=\"gem-button-container gem-button-position-center\"><a class=\"gem-button gem-button-size-medium gem-button-style-outline gem-button-text-weight-thin gem-button-border-2 gem-button-icon-position-left\" style=\"border-radius: 3px;border-color: #0066b2;color: #0066b2;\" onmouseleave=\"this.style.borderColor='#0066b2';this.style.backgroundColor='transparent';this.style.color='#0066b2';\" onmouseenter=\"this.style.borderColor='#0066b2';this.style.backgroundColor='#0066b2';this.style.color='#ffffff';\" href=\"https:\/\/www.facebook.com\/Bima-srl-1104787609545162\/\" target=\"_blank\"><i class=\"gem-print-icon gem-icon-pack-material\">&#xf55f;<\/i>SEGUICI SU FACEBOOK<\/a><\/div> [\/vc_column_inner][\/vc_row_inner]<div class=\"clearboth\"><\/div><div class=\"gem-divider \" style=\"margin-top: 70px;\"><\/div>[\/vc_column][\/vc_row][vc_row disable_element=&#8220;yes&#8220;][vc_column][vc_column_text]<\/p>\n<div class=\"title-h2\" style=\"text-align: center;\"><span class=\"light\">PARTNER<\/span><\/div>\n<p>[\/vc_column_text]<div class=\"clearboth\"><\/div><div class=\"gem-divider \" style=\"margin-top: 40px;\"><\/div><div class=\"preloader\"><div class=\"preloader-spin\"><\/div><\/div><div class=\"gem-clients gem-clients-type-carousel-grid \" data-autoscroll=\"0\"><div class=\"gem-clients-slide\"><div class=\"gem-clients-slide-inner clearfix\"> <div id=\"post-21636\" class=\"gem-client-item post-21636 thegem_client type-thegem_client status-publish has-post-thumbnail hentry\" style=\"width: 33.333333333333%;\" > <a href=\"http:\/\/www.drhesse.de\" target=\"_blank\" class=\"gscale\"> <img loading=\"lazy\" decoding=\"async\" width=\"280\" height=\"105\" src=\"https:\/\/www.bimazincatura.it\/wp-content\/uploads\/2018\/07\/DrHesse.jpg\" class=\"img-responsive wp-post-image\" alt=\"DrHesse\" \/>\t<\/a> <\/div> <div id=\"post-21637\" class=\"gem-client-item post-21637 thegem_client type-thegem_client status-publish has-post-thumbnail hentry\" style=\"width: 33.333333333333%;\" > <a href=\"http:\/\/www.bimazincatura.it\/\" target=\"_blank\" class=\"gscale\"> <img loading=\"lazy\" decoding=\"async\" width=\"280\" height=\"105\" src=\"https:\/\/www.bimazincatura.it\/wp-content\/uploads\/2014\/07\/4.png\" class=\"img-responsive wp-post-image\" alt=\"a\" \/>\t<\/a> <\/div> <div id=\"post-21638\" class=\"gem-client-item post-21638 thegem_client type-thegem_client status-publish has-post-thumbnail hentry\" style=\"width: 33.333333333333%;\" > <a href=\"http:\/\/www.bimazincatura.it\/\" target=\"_blank\" class=\"gscale\"> <img loading=\"lazy\" decoding=\"async\" width=\"280\" height=\"105\" src=\"https:\/\/www.bimazincatura.it\/wp-content\/uploads\/2014\/07\/6.png\" class=\"img-responsive wp-post-image\" alt=\"a\" \/>\t<\/a> <\/div> <div id=\"post-21639\" class=\"gem-client-item post-21639 thegem_client type-thegem_client status-publish has-post-thumbnail hentry\" style=\"width: 33.333333333333%;\" > <a href=\"http:\/\/www.bimazincatura.it\/\" target=\"_blank\" class=\"gscale\"> <img loading=\"lazy\" decoding=\"async\" width=\"280\" height=\"105\" src=\"https:\/\/www.bimazincatura.it\/wp-content\/uploads\/2014\/07\/3.png\" class=\"img-responsive wp-post-image\" alt=\"a\" \/>\t<\/a> <\/div> <div id=\"post-21640\" class=\"gem-client-item post-21640 thegem_client type-thegem_client status-publish has-post-thumbnail hentry\" style=\"width: 33.333333333333%;\" > <a href=\"#\" target=\"_blank\" class=\"gscale\"> <img loading=\"lazy\" decoding=\"async\" width=\"280\" height=\"105\" src=\"https:\/\/www.bimazincatura.it\/wp-content\/uploads\/2014\/07\/1.png\" class=\"img-responsive wp-post-image\" alt=\"a\" \/>\t<\/a> <\/div> <div id=\"post-21641\" class=\"gem-client-item post-21641 thegem_client type-thegem_client status-publish has-post-thumbnail hentry\" style=\"width: 33.333333333333%;\" > <a href=\"#\" target=\"_blank\" class=\"gscale\"> <img loading=\"lazy\" decoding=\"async\" width=\"280\" height=\"105\" src=\"https:\/\/www.bimazincatura.it\/wp-content\/uploads\/2014\/07\/2.png\" class=\"img-responsive wp-post-image\" alt=\"a\" \/>\t<\/a> <\/div><\/div><\/div><\/div><div class=\"clearboth\"><\/div><div class=\"gem-divider \" style=\"margin-top: 50px;\"><\/div>[\/vc_column][\/vc_row]<\/p>","protected":false},"excerpt":{"rendered":"<p>[vc_row disable_element=&#8220;yes&#8220;][vc_column][\/vc_column][\/vc_row][vc_row full_width=&#8220;stretch_row_content&#8220; equal_height=&#8220;yes&#8220; content_placement=&#8220;middle&#8220;][vc_column][vc_column_text] ZINCATURA ELETTROLITICA [\/vc_column_text][vc_single_image image=&#8220;21721&#8243; img_size=&#8220;full&#8220; alignment=&#8220;center&#8220;][\/vc_column][\/vc_row][vc_row full_width=&#8220;stretch_row&#8220; equal_height=&#8220;yes&#8220; content_placement=&#8220;middle&#8220; css=&#8220;.vc_custom_1532432663518{margin-top: -35px !important;margin-left: 140px !important;padding-top: -35px&#8230;<\/p>\n","protected":false},"author":1,"featured_media":0,"parent":0,"menu_order":0,"comment_status":"closed","ping_status":"closed","template":"","meta":{"_monsterinsights_skip_tracking":false,"_monsterinsights_sitenote_active":false,"_monsterinsights_sitenote_note":"","_monsterinsights_sitenote_category":0,"footnotes":""},"class_list":["post-21407","page","type-page","status-publish","hentry"],"_links":{"self":[{"href":"https:\/\/www.bimazincatura.it\/de\/wp-json\/wp\/v2\/pages\/21407","targetHints":{"allow":["GET"]}}],"collection":[{"href":"https:\/\/www.bimazincatura.it\/de\/wp-json\/wp\/v2\/pages"}],"about":[{"href":"https:\/\/www.bimazincatura.it\/de\/wp-json\/wp\/v2\/types\/page"}],"author":[{"embeddable":true,"href":"https:\/\/www.bimazincatura.it\/de\/wp-json\/wp\/v2\/users\/1"}],"replies":[{"embeddable":true,"href":"https:\/\/www.bimazincatura.it\/de\/wp-json\/wp\/v2\/comments?post=21407"}],"version-history":[{"count":5,"href":"https:\/\/www.bimazincatura.it\/de\/wp-json\/wp\/v2\/pages\/21407\/revisions"}],"predecessor-version":[{"id":21924,"href":"https:\/\/www.bimazincatura.it\/de\/wp-json\/wp\/v2\/pages\/21407\/revisions\/21924"}],"wp:attachment":[{"href":"https:\/\/www.bimazincatura.it\/de\/wp-json\/wp\/v2\/media?parent=21407"}],"curies":[{"name":"wp","href":"https:\/\/api.w.org\/{rel}","templated":true}]}}